{"id":2754,"date":"2025-03-10T19:31:04","date_gmt":"2025-03-10T19:31:04","guid":{"rendered":"https:\/\/nvtc.cat\/nota-legal\/"},"modified":"2025-05-23T09:26:01","modified_gmt":"2025-05-23T09:26:01","slug":"nota-legal","status":"publish","type":"page","link":"https:\/\/nvtc.cat\/es\/nota-legal\/","title":{"rendered":"Nota legal"},"content":{"rendered":"\t\t<div data-elementor-type=\"wp-page\" data-elementor-id=\"2754\" class=\"elementor elementor-2754 elementor-3\" data-elementor-post-type=\"page\">\n\t\t\t\t<div class=\"elementor-element elementor-element-4da2e66c e-con-full e-flex e-con e-parent\" data-id=\"4da2e66c\" data-element_type=\"container\">\n\t\t\t\t<div class=\"elementor-element elementor-element-4cd17de elementor-widget elementor-widget-heading\" data-id=\"4cd17de\" data-element_type=\"widget\" data-widget_type=\"heading.default\">\n\t\t\t\t<div class=\"elementor-widget-container\">\n\t\t\t\t\t<h2 class=\"elementor-heading-title elementor-size-default\">Nota legal<\/h2>\t\t\t\t<\/div>\n\t\t\t\t<\/div>\n\t\t\t\t<div class=\"elementor-element elementor-element-617290b7 elementor-widget elementor-widget-text-editor\" data-id=\"617290b7\" data-element_type=\"widget\" data-widget_type=\"text-editor.default\">\n\t\t\t\t<div class=\"elementor-widget-container\">\n\t\t\t\t\t\t\t\t\t<p>La empresa titular de esta p\u00e1gina web es Novatec Advisors SL, NIF B63511893, con oficinas en la Avenida Diagonal 211 planta 25, 08018 Barcelona. La empresa est\u00e1 inscrita al Registro Mercantil de Barcelona, Tom 36578, Hoja 176, Hoja B294449, Inscripci\u00f3n 1\u00aa. <\/p><p>El objeto social de Novatec Advisors SL es la prestaci\u00f3n de servicios de asesoramiento en los \u00e1mbitos administrativo, econ\u00f3mico-financiero, t\u00e9cnico, productivo y comercial a empresas y personas.<\/p><p>Los derechos de propiedad intelectual del continente y del contenido p\u00fablico de esta p\u00e1gina web pertenecen a Novatec Advisors SL. Est\u00e1 prohibida su utilizaci\u00f3n con hasta comerciales y cualquier uso que exceda el de facilitar informaci\u00f3n de los servicios que presta Novatec Advisors SL. <\/p><p>El uso del \u00e1rea de clientes est\u00e1 restringido a las personas a las cuales Novatec Advisors SL ha facilitado una contrase\u00f1a para poder acceder. La finalidad de esta \u00e1rea es exclusivamente la libre y retirada de documentos referentes a los proyectos en que interviene Novatec Advisors SL. <\/p><p>Cualquier solicitud de informaci\u00f3n o comentario sobre el contenido de la p\u00e1gina web se puede dirigir a: <a href=\"mailto:info@nvtc.es\">info@nvtc.es<\/a>.<\/p><p>De acuerdo con el que establece la Ley Org\u00e1nica de Protecci\u00f3n de Datos de Car\u00e1cter Personal, le informamos que los datos personales que nos pueda facilitar ser\u00e1n incorporadas a un fichero, inscrito a la Agencia Espa\u00f1ola de Protecci\u00f3n de Datos, bajo la responsabilidad de Novatec Advisors SL, con el fin de atender sus consultas y remitirle informaci\u00f3n relacionada que pueda ser de su inter\u00e9s. Puede ejercer sus derechos de acceso, rectificaci\u00f3n, cancelaci\u00f3n y oposici\u00f3n mediante un escrito dirigido a Novatec Advisors, Avenida Diagonal 211 planta 25, 08018 Barcelona. Mientras tanto, mientras no nos comunique el contrario, entenderemos que tenemos su consentimiento para utilizar sus datos para las finalidades mencionadas. El env\u00edo de datos personales implica la aceptaci\u00f3n de esta cl\u00e1usula.   <\/p><p>\u00a9 Fotograf\u00eda<br>Novatec Advisors, Barcelona, Espa\u00f1a<\/p>\t\t\t\t\t\t\t\t<\/div>\n\t\t\t\t<\/div>\n\t\t\t\t<\/div>\n\t\t<div class=\"elementor-element elementor-element-01e5398 e-flex e-con-boxed e-con e-parent\" data-id=\"01e5398\" data-element_type=\"container\">\n\t\t\t\t\t<div class=\"e-con-inner\">\n\t\t\t\t\t<\/div>\n\t\t\t\t<\/div>\n\t\t\t\t<\/div>\n\t\t","protected":false},"excerpt":{"rendered":"<p>Nota legal La empresa titular de esta p\u00e1gina web es Novatec Advisors SL, NIF B63511893, con oficinas en la Avenida Diagonal 211 planta 25, 08018 Barcelona. La empresa est\u00e1 inscrita al Registro Mercantil de Barcelona, Tom 36578, Hoja 176, Hoja B294449, Inscripci\u00f3n 1\u00aa. El objeto social de Novatec Advisors SL es la prestaci\u00f3n de servicios [&hellip;]<\/p>\n","protected":false},"author":1,"featured_media":0,"parent":0,"menu_order":0,"comment_status":"closed","ping_status":"open","template":"","meta":{"footnotes":""},"class_list":["post-2754","page","type-page","status-publish","hentry"],"yoast_head":"<!-- This site is optimized with the Yoast SEO plugin v25.1 - https:\/\/yoast.com\/wordpress\/plugins\/seo\/ -->\n<title>Nota legal - Novatec Advisors<\/title>\n<meta name=\"robots\" content=\"index, follow, max-snippet:-1, max-image-preview:large, max-video-preview:-1\" \/>\n<link rel=\"canonical\" href=\"https:\/\/nvtc.cat\/es\/nota-legal\/\" \/>\n<meta property=\"og:locale\" content=\"es_ES\" \/>\n<meta property=\"og:type\" content=\"article\" \/>\n<meta property=\"og:title\" content=\"Nota legal - Novatec Advisors\" \/>\n<meta property=\"og:description\" content=\"Nota legal La empresa titular de esta p\u00e1gina web es Novatec Advisors SL, NIF B63511893, con oficinas en la Avenida Diagonal 211 planta 25, 08018 Barcelona. La empresa est\u00e1 inscrita al Registro Mercantil de Barcelona, Tom 36578, Hoja 176, Hoja B294449, Inscripci\u00f3n 1\u00aa. El objeto social de Novatec Advisors SL es la prestaci\u00f3n de servicios [&hellip;]\" \/>\n<meta property=\"og:url\" content=\"https:\/\/nvtc.cat\/es\/nota-legal\/\" \/>\n<meta property=\"og:site_name\" content=\"Novatec Advisors\" \/>\n<meta property=\"article:modified_time\" content=\"2025-05-23T09:26:01+00:00\" \/>\n<meta name=\"twitter:card\" content=\"summary_large_image\" \/>\n<meta name=\"twitter:label1\" content=\"Tiempo de lectura\" \/>\n\t<meta name=\"twitter:data1\" content=\"2 minutos\" \/>\n<script type=\"application\/ld+json\" class=\"yoast-schema-graph\">{\"@context\":\"https:\/\/schema.org\",\"@graph\":[{\"@type\":\"WebPage\",\"@id\":\"https:\/\/nvtc.cat\/es\/nota-legal\/\",\"url\":\"https:\/\/nvtc.cat\/es\/nota-legal\/\",\"name\":\"Nota legal - Novatec Advisors\",\"isPartOf\":{\"@id\":\"https:\/\/nvtc.cat\/es\/#website\"},\"datePublished\":\"2025-03-10T19:31:04+00:00\",\"dateModified\":\"2025-05-23T09:26:01+00:00\",\"breadcrumb\":{\"@id\":\"https:\/\/nvtc.cat\/es\/nota-legal\/#breadcrumb\"},\"inLanguage\":\"es\",\"potentialAction\":[{\"@type\":\"ReadAction\",\"target\":[\"https:\/\/nvtc.cat\/es\/nota-legal\/\"]}]},{\"@type\":\"BreadcrumbList\",\"@id\":\"https:\/\/nvtc.cat\/es\/nota-legal\/#breadcrumb\",\"itemListElement\":[{\"@type\":\"ListItem\",\"position\":1,\"name\":\"Portada\",\"item\":\"https:\/\/nvtc.cat\/es\/\"},{\"@type\":\"ListItem\",\"position\":2,\"name\":\"Nota legal\"}]},{\"@type\":\"WebSite\",\"@id\":\"https:\/\/nvtc.cat\/es\/#website\",\"url\":\"https:\/\/nvtc.cat\/es\/\",\"name\":\"Novatec Advisors\",\"description\":\"Assessoria estrat\u00e8gica per a impulsar el teu negoci\",\"publisher\":{\"@id\":\"https:\/\/nvtc.cat\/es\/#organization\"},\"potentialAction\":[{\"@type\":\"SearchAction\",\"target\":{\"@type\":\"EntryPoint\",\"urlTemplate\":\"https:\/\/nvtc.cat\/es\/?s={search_term_string}\"},\"query-input\":{\"@type\":\"PropertyValueSpecification\",\"valueRequired\":true,\"valueName\":\"search_term_string\"}}],\"inLanguage\":\"es\"},{\"@type\":\"Organization\",\"@id\":\"https:\/\/nvtc.cat\/es\/#organization\",\"name\":\"Novatec Advisors\",\"url\":\"https:\/\/nvtc.cat\/es\/\",\"logo\":{\"@type\":\"ImageObject\",\"inLanguage\":\"es\",\"@id\":\"https:\/\/nvtc.cat\/es\/#\/schema\/logo\/image\/\",\"url\":\"https:\/\/nvtc.cat\/wp-content\/uploads\/2025\/03\/nvtc-logo_white.svg\",\"contentUrl\":\"https:\/\/nvtc.cat\/wp-content\/uploads\/2025\/03\/nvtc-logo_white.svg\",\"width\":85,\"height\":40,\"caption\":\"Novatec Advisors\"},\"image\":{\"@id\":\"https:\/\/nvtc.cat\/es\/#\/schema\/logo\/image\/\"}}]}<\/script>\n<!-- \/ Yoast SEO plugin. -->","yoast_head_json":{"title":"Nota legal - Novatec Advisors","robots":{"index":"index","follow":"follow","max-snippet":"max-snippet:-1","max-image-preview":"max-image-preview:large","max-video-preview":"max-video-preview:-1"},"canonical":"https:\/\/nvtc.cat\/es\/nota-legal\/","og_locale":"es_ES","og_type":"article","og_title":"Nota legal - Novatec Advisors","og_description":"Nota legal La empresa titular de esta p\u00e1gina web es Novatec Advisors SL, NIF B63511893, con oficinas en la Avenida Diagonal 211 planta 25, 08018 Barcelona. La empresa est\u00e1 inscrita al Registro Mercantil de Barcelona, Tom 36578, Hoja 176, Hoja B294449, Inscripci\u00f3n 1\u00aa. El objeto social de Novatec Advisors SL es la prestaci\u00f3n de servicios [&hellip;]","og_url":"https:\/\/nvtc.cat\/es\/nota-legal\/","og_site_name":"Novatec Advisors","article_modified_time":"2025-05-23T09:26:01+00:00","twitter_card":"summary_large_image","twitter_misc":{"Tiempo de lectura":"2 minutos"},"schema":{"@context":"https:\/\/schema.org","@graph":[{"@type":"WebPage","@id":"https:\/\/nvtc.cat\/es\/nota-legal\/","url":"https:\/\/nvtc.cat\/es\/nota-legal\/","name":"Nota legal - Novatec Advisors","isPartOf":{"@id":"https:\/\/nvtc.cat\/es\/#website"},"datePublished":"2025-03-10T19:31:04+00:00","dateModified":"2025-05-23T09:26:01+00:00","breadcrumb":{"@id":"https:\/\/nvtc.cat\/es\/nota-legal\/#breadcrumb"},"inLanguage":"es","potentialAction":[{"@type":"ReadAction","target":["https:\/\/nvtc.cat\/es\/nota-legal\/"]}]},{"@type":"BreadcrumbList","@id":"https:\/\/nvtc.cat\/es\/nota-legal\/#breadcrumb","itemListElement":[{"@type":"ListItem","position":1,"name":"Portada","item":"https:\/\/nvtc.cat\/es\/"},{"@type":"ListItem","position":2,"name":"Nota legal"}]},{"@type":"WebSite","@id":"https:\/\/nvtc.cat\/es\/#website","url":"https:\/\/nvtc.cat\/es\/","name":"Novatec Advisors","description":"Assessoria estrat\u00e8gica per a impulsar el teu negoci","publisher":{"@id":"https:\/\/nvtc.cat\/es\/#organization"},"potentialAction":[{"@type":"SearchAction","target":{"@type":"EntryPoint","urlTemplate":"https:\/\/nvtc.cat\/es\/?s={search_term_string}"},"query-input":{"@type":"PropertyValueSpecification","valueRequired":true,"valueName":"search_term_string"}}],"inLanguage":"es"},{"@type":"Organization","@id":"https:\/\/nvtc.cat\/es\/#organization","name":"Novatec Advisors","url":"https:\/\/nvtc.cat\/es\/","logo":{"@type":"ImageObject","inLanguage":"es","@id":"https:\/\/nvtc.cat\/es\/#\/schema\/logo\/image\/","url":"https:\/\/nvtc.cat\/wp-content\/uploads\/2025\/03\/nvtc-logo_white.svg","contentUrl":"https:\/\/nvtc.cat\/wp-content\/uploads\/2025\/03\/nvtc-logo_white.svg","width":85,"height":40,"caption":"Novatec Advisors"},"image":{"@id":"https:\/\/nvtc.cat\/es\/#\/schema\/logo\/image\/"}}]}},"_links":{"self":[{"href":"https:\/\/nvtc.cat\/es\/wp-json\/wp\/v2\/pages\/2754","targetHints":{"allow":["GET"]}}],"collection":[{"href":"https:\/\/nvtc.cat\/es\/wp-json\/wp\/v2\/pages"}],"about":[{"href":"https:\/\/nvtc.cat\/es\/wp-json\/wp\/v2\/types\/page"}],"author":[{"embeddable":true,"href":"https:\/\/nvtc.cat\/es\/wp-json\/wp\/v2\/users\/1"}],"replies":[{"embeddable":true,"href":"https:\/\/nvtc.cat\/es\/wp-json\/wp\/v2\/comments?post=2754"}],"version-history":[{"count":1,"href":"https:\/\/nvtc.cat\/es\/wp-json\/wp\/v2\/pages\/2754\/revisions"}],"predecessor-version":[{"id":2755,"href":"https:\/\/nvtc.cat\/es\/wp-json\/wp\/v2\/pages\/2754\/revisions\/2755"}],"wp:attachment":[{"href":"https:\/\/nvtc.cat\/es\/wp-json\/wp\/v2\/media?parent=2754"}],"curies":[{"name":"wp","href":"https:\/\/api.w.org\/{rel}","templated":true}]}}