{"id":2762,"date":"2025-03-11T16:23:23","date_gmt":"2025-03-11T16:23:23","guid":{"rendered":"https:\/\/nvtc.cat\/contacto\/"},"modified":"2025-05-23T09:46:53","modified_gmt":"2025-05-23T09:46:53","slug":"contacto","status":"publish","type":"page","link":"https:\/\/nvtc.cat\/es\/contacto\/","title":{"rendered":"CONTACTO"},"content":{"rendered":"\t\t<div data-elementor-type=\"wp-page\" data-elementor-id=\"2762\" class=\"elementor elementor-2762 elementor-39\" data-elementor-post-type=\"page\">\n\t\t\t\t<div class=\"elementor-element elementor-element-66daee90 e-con-full e-flex e-con e-parent\" data-id=\"66daee90\" data-element_type=\"container\" data-settings=\"{&quot;background_background&quot;:&quot;video&quot;,&quot;background_video_link&quot;:&quot;https:\\\/\\\/www.youtube.com\\\/watch?v=LlpCBh1e6pY&quot;,&quot;background_video_start&quot;:370,&quot;background_play_on_mobile&quot;:&quot;yes&quot;,&quot;background_video_end&quot;:600}\">\n\t\t<div class=\"elementor-background-video-container\">\n\t\t\t\t\t\t\t<div class=\"elementor-background-video-embed\"><\/div>\n\t\t\t\t\t\t<\/div><div class=\"elementor-element elementor-element-537f612 e-con-full e-flex e-con e-child\" data-id=\"537f612\" data-element_type=\"container\">\n\t\t\t\t<div class=\"elementor-element elementor-element-e088872 elementor-widget__width-initial elementor-widget elementor-widget-heading\" data-id=\"e088872\" data-element_type=\"widget\" data-widget_type=\"heading.default\">\n\t\t\t\t<div class=\"elementor-widget-container\">\n\t\t\t\t\t<p class=\"elementor-heading-title elementor-size-default\">Av. Diagonal 211, Planta 25<br> Torre Gl\u00f2ries \u2013 08018 Barcelona<br> Tel: +34 93 535 02 46<br> Email: info@nvtc.cat\n<\/p>\t\t\t\t<\/div>\n\t\t\t\t<\/div>\n\t\t\t\t<div class=\"elementor-element elementor-element-8d4f1e7 elementor-widget__width-initial elementor-widget elementor-widget-text-editor\" data-id=\"8d4f1e7\" data-element_type=\"widget\" data-widget_type=\"text-editor.default\">\n\t\t\t\t<div class=\"elementor-widget-container\">\n\t\t\t\t\t\t\t\t\t<p>Estamos localizados en el <strong>22@<\/strong> , el distrito de la Innovaci\u00f3n y el Conocimiento de Barcelona, \u200b\u200ben un ecosistema formado por empresas tecnol\u00f3gicas, universidades, start-ups, y centros tecnol\u00f3gicos y de investigaci\u00f3n de referencia mundial.<\/p>\t\t\t\t\t\t\t\t<\/div>\n\t\t\t\t<\/div>\n\t\t\t\t<\/div>\n\t\t\t\t<\/div>\n\t\t<div class=\"elementor-element elementor-element-f1f9d62 e-con-full e-flex e-con e-parent\" data-id=\"f1f9d62\" data-element_type=\"container\">\n\t\t\t\t<div class=\"elementor-element elementor-element-c1019f6 elementor-widget elementor-widget-html\" data-id=\"c1019f6\" data-element_type=\"widget\" data-widget_type=\"html.default\">\n\t\t\t\t<div class=\"elementor-widget-container\">\n\t\t\t\t\t<iframe src=\"https:\/\/www.google.com\/maps\/embed?pb=!1m18!1m12!1m3!1d2992.6501028078574!2d2.1895933999999997!3d41.4034045!2m3!1f0!2f0!3f0!3m2!1i1024!2i768!4f13.1!3m3!1m2!1s0x12a4a2e50ab0d369%3A0x8552a3a42459cbfa!2sNovatec%20Advisors%20S.%20L.!5e0!3m2!1ses!2sus!4v1741909407802!5m2!1ses!2sus\" width=\"800\" height=\"600\" style=\"border:0;\" allowfullscreen=\"\" loading=\"lazy\" referrerpolicy=\"no-referrer-when-downgrade\"><\/iframe>\t\t\t\t<\/div>\n\t\t\t\t<\/div>\n\t\t\t\t<\/div>\n\t\t\t\t<\/div>\n\t\t","protected":false},"excerpt":{"rendered":"<p>Av. Diagonal 211, Planta 25 Torre Gl\u00f2ries \u2013 08018 Barcelona Tel: +34 93 535 02 46 Email: info@nvtc.cat Estamos localizados en el 22@ , el distrito de la Innovaci\u00f3n y el Conocimiento de Barcelona, \u200b\u200ben un ecosistema formado por empresas tecnol\u00f3gicas, universidades, start-ups, y centros tecnol\u00f3gicos y de investigaci\u00f3n de referencia mundial.<\/p>\n","protected":false},"author":1,"featured_media":0,"parent":0,"menu_order":0,"comment_status":"closed","ping_status":"closed","template":"","meta":{"footnotes":""},"class_list":["post-2762","page","type-page","status-publish","hentry"],"yoast_head":"<!-- This site is optimized with the Yoast SEO plugin v25.1 - https:\/\/yoast.com\/wordpress\/plugins\/seo\/ -->\n<title>CONTACTO - Novatec Advisors<\/title>\n<meta name=\"robots\" content=\"index, follow, max-snippet:-1, max-image-preview:large, max-video-preview:-1\" \/>\n<link rel=\"canonical\" href=\"https:\/\/nvtc.cat\/es\/contacto\/\" \/>\n<meta property=\"og:locale\" content=\"es_ES\" \/>\n<meta property=\"og:type\" content=\"article\" \/>\n<meta property=\"og:title\" content=\"CONTACTO - Novatec Advisors\" \/>\n<meta property=\"og:description\" content=\"Av. Diagonal 211, Planta 25 Torre Gl\u00f2ries \u2013 08018 Barcelona Tel: +34 93 535 02 46 Email: info@nvtc.cat Estamos localizados en el 22@ , el distrito de la Innovaci\u00f3n y el Conocimiento de Barcelona, \u200b\u200ben un ecosistema formado por empresas tecnol\u00f3gicas, universidades, start-ups, y centros tecnol\u00f3gicos y de investigaci\u00f3n de referencia mundial.\" \/>\n<meta property=\"og:url\" content=\"https:\/\/nvtc.cat\/es\/contacto\/\" \/>\n<meta property=\"og:site_name\" content=\"Novatec Advisors\" \/>\n<meta property=\"article:modified_time\" content=\"2025-05-23T09:46:53+00:00\" \/>\n<meta name=\"twitter:card\" content=\"summary_large_image\" \/>\n<script type=\"application\/ld+json\" class=\"yoast-schema-graph\">{\"@context\":\"https:\/\/schema.org\",\"@graph\":[{\"@type\":\"WebPage\",\"@id\":\"https:\/\/nvtc.cat\/es\/contacto\/\",\"url\":\"https:\/\/nvtc.cat\/es\/contacto\/\",\"name\":\"CONTACTO - Novatec Advisors\",\"isPartOf\":{\"@id\":\"https:\/\/nvtc.cat\/es\/#website\"},\"datePublished\":\"2025-03-11T16:23:23+00:00\",\"dateModified\":\"2025-05-23T09:46:53+00:00\",\"breadcrumb\":{\"@id\":\"https:\/\/nvtc.cat\/es\/contacto\/#breadcrumb\"},\"inLanguage\":\"es\",\"potentialAction\":[{\"@type\":\"ReadAction\",\"target\":[\"https:\/\/nvtc.cat\/es\/contacto\/\"]}]},{\"@type\":\"BreadcrumbList\",\"@id\":\"https:\/\/nvtc.cat\/es\/contacto\/#breadcrumb\",\"itemListElement\":[{\"@type\":\"ListItem\",\"position\":1,\"name\":\"Portada\",\"item\":\"https:\/\/nvtc.cat\/es\/\"},{\"@type\":\"ListItem\",\"position\":2,\"name\":\"CONTACTO\"}]},{\"@type\":\"WebSite\",\"@id\":\"https:\/\/nvtc.cat\/es\/#website\",\"url\":\"https:\/\/nvtc.cat\/es\/\",\"name\":\"Novatec Advisors\",\"description\":\"Assessoria estrat\u00e8gica per a impulsar el teu negoci\",\"publisher\":{\"@id\":\"https:\/\/nvtc.cat\/es\/#organization\"},\"potentialAction\":[{\"@type\":\"SearchAction\",\"target\":{\"@type\":\"EntryPoint\",\"urlTemplate\":\"https:\/\/nvtc.cat\/es\/?s={search_term_string}\"},\"query-input\":{\"@type\":\"PropertyValueSpecification\",\"valueRequired\":true,\"valueName\":\"search_term_string\"}}],\"inLanguage\":\"es\"},{\"@type\":\"Organization\",\"@id\":\"https:\/\/nvtc.cat\/es\/#organization\",\"name\":\"Novatec Advisors\",\"url\":\"https:\/\/nvtc.cat\/es\/\",\"logo\":{\"@type\":\"ImageObject\",\"inLanguage\":\"es\",\"@id\":\"https:\/\/nvtc.cat\/es\/#\/schema\/logo\/image\/\",\"url\":\"https:\/\/nvtc.cat\/wp-content\/uploads\/2025\/03\/nvtc-logo_white.svg\",\"contentUrl\":\"https:\/\/nvtc.cat\/wp-content\/uploads\/2025\/03\/nvtc-logo_white.svg\",\"width\":85,\"height\":40,\"caption\":\"Novatec Advisors\"},\"image\":{\"@id\":\"https:\/\/nvtc.cat\/es\/#\/schema\/logo\/image\/\"}}]}<\/script>\n<!-- \/ Yoast SEO plugin. -->","yoast_head_json":{"title":"CONTACTO - Novatec Advisors","robots":{"index":"index","follow":"follow","max-snippet":"max-snippet:-1","max-image-preview":"max-image-preview:large","max-video-preview":"max-video-preview:-1"},"canonical":"https:\/\/nvtc.cat\/es\/contacto\/","og_locale":"es_ES","og_type":"article","og_title":"CONTACTO - Novatec Advisors","og_description":"Av. Diagonal 211, Planta 25 Torre Gl\u00f2ries \u2013 08018 Barcelona Tel: +34 93 535 02 46 Email: info@nvtc.cat Estamos localizados en el 22@ , el distrito de la Innovaci\u00f3n y el Conocimiento de Barcelona, \u200b\u200ben un ecosistema formado por empresas tecnol\u00f3gicas, universidades, start-ups, y centros tecnol\u00f3gicos y de investigaci\u00f3n de referencia mundial.","og_url":"https:\/\/nvtc.cat\/es\/contacto\/","og_site_name":"Novatec Advisors","article_modified_time":"2025-05-23T09:46:53+00:00","twitter_card":"summary_large_image","schema":{"@context":"https:\/\/schema.org","@graph":[{"@type":"WebPage","@id":"https:\/\/nvtc.cat\/es\/contacto\/","url":"https:\/\/nvtc.cat\/es\/contacto\/","name":"CONTACTO - Novatec Advisors","isPartOf":{"@id":"https:\/\/nvtc.cat\/es\/#website"},"datePublished":"2025-03-11T16:23:23+00:00","dateModified":"2025-05-23T09:46:53+00:00","breadcrumb":{"@id":"https:\/\/nvtc.cat\/es\/contacto\/#breadcrumb"},"inLanguage":"es","potentialAction":[{"@type":"ReadAction","target":["https:\/\/nvtc.cat\/es\/contacto\/"]}]},{"@type":"BreadcrumbList","@id":"https:\/\/nvtc.cat\/es\/contacto\/#breadcrumb","itemListElement":[{"@type":"ListItem","position":1,"name":"Portada","item":"https:\/\/nvtc.cat\/es\/"},{"@type":"ListItem","position":2,"name":"CONTACTO"}]},{"@type":"WebSite","@id":"https:\/\/nvtc.cat\/es\/#website","url":"https:\/\/nvtc.cat\/es\/","name":"Novatec Advisors","description":"Assessoria estrat\u00e8gica per a impulsar el teu negoci","publisher":{"@id":"https:\/\/nvtc.cat\/es\/#organization"},"potentialAction":[{"@type":"SearchAction","target":{"@type":"EntryPoint","urlTemplate":"https:\/\/nvtc.cat\/es\/?s={search_term_string}"},"query-input":{"@type":"PropertyValueSpecification","valueRequired":true,"valueName":"search_term_string"}}],"inLanguage":"es"},{"@type":"Organization","@id":"https:\/\/nvtc.cat\/es\/#organization","name":"Novatec Advisors","url":"https:\/\/nvtc.cat\/es\/","logo":{"@type":"ImageObject","inLanguage":"es","@id":"https:\/\/nvtc.cat\/es\/#\/schema\/logo\/image\/","url":"https:\/\/nvtc.cat\/wp-content\/uploads\/2025\/03\/nvtc-logo_white.svg","contentUrl":"https:\/\/nvtc.cat\/wp-content\/uploads\/2025\/03\/nvtc-logo_white.svg","width":85,"height":40,"caption":"Novatec Advisors"},"image":{"@id":"https:\/\/nvtc.cat\/es\/#\/schema\/logo\/image\/"}}]}},"_links":{"self":[{"href":"https:\/\/nvtc.cat\/es\/wp-json\/wp\/v2\/pages\/2762","targetHints":{"allow":["GET"]}}],"collection":[{"href":"https:\/\/nvtc.cat\/es\/wp-json\/wp\/v2\/pages"}],"about":[{"href":"https:\/\/nvtc.cat\/es\/wp-json\/wp\/v2\/types\/page"}],"author":[{"embeddable":true,"href":"https:\/\/nvtc.cat\/es\/wp-json\/wp\/v2\/users\/1"}],"replies":[{"embeddable":true,"href":"https:\/\/nvtc.cat\/es\/wp-json\/wp\/v2\/comments?post=2762"}],"version-history":[{"count":1,"href":"https:\/\/nvtc.cat\/es\/wp-json\/wp\/v2\/pages\/2762\/revisions"}],"predecessor-version":[{"id":2763,"href":"https:\/\/nvtc.cat\/es\/wp-json\/wp\/v2\/pages\/2762\/revisions\/2763"}],"wp:attachment":[{"href":"https:\/\/nvtc.cat\/es\/wp-json\/wp\/v2\/media?parent=2762"}],"curies":[{"name":"wp","href":"https:\/\/api.w.org\/{rel}","templated":true}]}}